{"id":163,"date":"2023-11-06T09:40:51","date_gmt":"2023-11-06T08:40:51","guid":{"rendered":"https:\/\/www.moutoncadet.com\/?page_id=163"},"modified":"2024-01-31T16:53:59","modified_gmt":"2024-01-31T15:53:59","slug":"baron-philippe-rothschild","status":"publish","type":"page","link":"https:\/\/www.moutoncadet.com\/fr\/baron-philippe-rothschild\/","title":{"rendered":"Baron Philippe de Rothschild"},"content":{"rendered":"","protected":false},"excerpt":{"rendered":"","protected":false},"author":1,"featured_media":0,"parent":0,"menu_order":0,"comment_status":"closed","ping_status":"closed","template":"","meta":{"footnotes":""},"acf":[],"yoast_head":"<!-- This site is optimized with the Yoast SEO plugin v21.8.1 - https:\/\/yoast.com\/wordpress\/plugins\/seo\/ -->\n<title>Mouton Cadet<\/title>\n<meta name=\"robots\" content=\"index, follow, max-snippet:-1, max-image-preview:large, max-video-preview:-1\" \/>\n<link rel=\"canonical\" href=\"https:\/\/www.moutoncadet.com\/fr\/baron-philippe-rothschild\/\" \/>\n<meta property=\"og:locale\" content=\"fr_FR\" \/>\n<meta property=\"og:type\" content=\"article\" \/>\n<meta property=\"og:title\" content=\"Baron Philippe de Rothschild - Mouton Cadet\" \/>\n<meta property=\"og:description\" content=\"La soci\u00e9t\u00e9 Baron Philippe de Rothschild produit et commercialise des vins de haute qualit\u00e9, au premier rang desquels se trouvent le c\u00e9l\u00e8bre Mouton Cadet.\" \/>\n<meta property=\"og:url\" content=\"https:\/\/www.moutoncadet.com\/fr\/baron-philippe-rothschild\/\" \/>\n<meta property=\"og:site_name\" content=\"Mouton Cadet\" \/>\n<meta property=\"article:publisher\" content=\"https:\/\/www.facebook.com\/MoutonCadet\" \/>\n<meta property=\"article:modified_time\" content=\"2024-01-31T15:53:59+00:00\" \/>\n<meta name=\"twitter:card\" content=\"summary_large_image\" \/>\n<!-- \/ Yoast SEO plugin. -->","yoast_head_json":{"title":"Mouton Cadet","robots":{"index":"index","follow":"follow","max-snippet":"max-snippet:-1","max-image-preview":"max-image-preview:large","max-video-preview":"max-video-preview:-1"},"canonical":"https:\/\/www.moutoncadet.com\/fr\/baron-philippe-rothschild\/","og_locale":"fr_FR","og_type":"article","og_title":"Baron Philippe de Rothschild - Mouton Cadet","og_description":"La soci\u00e9t\u00e9 Baron Philippe de Rothschild produit et commercialise des vins de haute qualit\u00e9, au premier rang desquels se trouvent le c\u00e9l\u00e8bre Mouton Cadet.","og_url":"https:\/\/www.moutoncadet.com\/fr\/baron-philippe-rothschild\/","og_site_name":"Mouton Cadet","article_publisher":"https:\/\/www.facebook.com\/MoutonCadet","article_modified_time":"2024-01-31T15:53:59+00:00","twitter_card":"summary_large_image","schema":{"@context":"https:\/\/schema.org","@graph":[{"@type":"WebPage","@id":"https:\/\/www.moutoncadet.com\/fr\/baron-philippe-rothschild\/","url":"https:\/\/www.moutoncadet.com\/fr\/baron-philippe-rothschild\/","name":"Baron Philippe de Rothschild - Mouton Cadet","isPartOf":{"@id":"https:\/\/www.moutoncadet.com\/fr\/#website"},"datePublished":"2023-11-06T08:40:51+00:00","dateModified":"2024-01-31T15:53:59+00:00","description":"La soci\u00e9t\u00e9 Baron Philippe de Rothschild produit et commercialise des vins de haute qualit\u00e9, au premier rang desquels se trouvent le c\u00e9l\u00e8bre Mouton Cadet.","breadcrumb":{"@id":"https:\/\/www.moutoncadet.com\/fr\/baron-philippe-rothschild\/#breadcrumb"},"inLanguage":"fr-FR","potentialAction":[{"@type":"ReadAction","target":["https:\/\/www.moutoncadet.com\/fr\/baron-philippe-rothschild\/"]}]},{"@type":"BreadcrumbList","@id":"https:\/\/www.moutoncadet.com\/fr\/baron-philippe-rothschild\/#breadcrumb","itemListElement":[{"@type":"ListItem","position":1,"name":"Home","item":"https:\/\/www.moutoncadet.com\/fr\/"},{"@type":"ListItem","position":2,"name":"Baron Philippe de Rothschild"}]},{"@type":"WebSite","@id":"https:\/\/www.moutoncadet.com\/fr\/#website","url":"https:\/\/www.moutoncadet.com\/fr\/","name":"Mouton Cadet","description":"","publisher":{"@id":"https:\/\/www.moutoncadet.com\/fr\/#organization"},"potentialAction":[{"@type":"SearchAction","target":{"@type":"EntryPoint","urlTemplate":"https:\/\/www.moutoncadet.com\/fr\/?s={search_term_string}"},"query-input":"required name=search_term_string"}],"inLanguage":"fr-FR"},{"@type":"Organization","@id":"https:\/\/www.moutoncadet.com\/fr\/#organization","name":"Mouton Cadet","url":"https:\/\/www.moutoncadet.com\/fr\/","logo":{"@type":"ImageObject","inLanguage":"fr-FR","@id":"https:\/\/www.moutoncadet.com\/fr\/#\/schema\/logo\/image\/","url":"https:\/\/www.moutoncadet.com\/wp-content\/uploads\/2024\/01\/logo-mouton-cadet.svg","contentUrl":"https:\/\/www.moutoncadet.com\/wp-content\/uploads\/2024\/01\/logo-mouton-cadet.svg","width":1,"height":1,"caption":"Mouton Cadet"},"image":{"@id":"https:\/\/www.moutoncadet.com\/fr\/#\/schema\/logo\/image\/"},"sameAs":["https:\/\/www.facebook.com\/MoutonCadet","https:\/\/www.instagram.com\/moutoncadet_official"]}]}},"_links":{"self":[{"href":"https:\/\/www.moutoncadet.com\/fr\/wp-json\/wp\/v2\/pages\/163"}],"collection":[{"href":"https:\/\/www.moutoncadet.com\/fr\/wp-json\/wp\/v2\/pages"}],"about":[{"href":"https:\/\/www.moutoncadet.com\/fr\/wp-json\/wp\/v2\/types\/page"}],"author":[{"embeddable":true,"href":"https:\/\/www.moutoncadet.com\/fr\/wp-json\/wp\/v2\/users\/1"}],"replies":[{"embeddable":true,"href":"https:\/\/www.moutoncadet.com\/fr\/wp-json\/wp\/v2\/comments?post=163"}],"version-history":[{"count":1,"href":"https:\/\/www.moutoncadet.com\/fr\/wp-json\/wp\/v2\/pages\/163\/revisions"}],"predecessor-version":[{"id":164,"href":"https:\/\/www.moutoncadet.com\/fr\/wp-json\/wp\/v2\/pages\/163\/revisions\/164"}],"wp:attachment":[{"href":"https:\/\/www.moutoncadet.com\/fr\/wp-json\/wp\/v2\/media?parent=163"}],"curies":[{"name":"wp","href":"https:\/\/api.w.org\/{rel}","templated":true}]}}