{"id":167,"date":"2023-11-06T09:41:26","date_gmt":"2023-11-06T08:41:26","guid":{"rendered":"https:\/\/www.moutoncadet.com\/?page_id=167"},"modified":"2024-04-19T14:17:47","modified_gmt":"2024-04-19T12:17:47","slug":"faq","status":"publish","type":"page","link":"https:\/\/www.moutoncadet.com\/fr\/faq\/","title":{"rendered":"FAQ"},"content":{"rendered":"    <link rel=\"preload\" href=\"https:\/\/www.moutoncadet.com\/wp-content\/themes\/moutoncadet\/assets\/img\/volute-hero-title-mobile-complete.svg\" as=\"image\" fetchpriority=\"high\">\n    <link rel=\"preload\" href=\"https:\/\/www.moutoncadet.com\/wp-content\/themes\/moutoncadet\/assets\/img\/volute-hero.svg\" as=\"image\" fetchpriority=\"high\">\n    <div class=\"gutenberg-hero-title  black\" id=\"gutenberg-hero-title\">\n\n    \n    <h1>FAQ<\/h1>\n\n\n\n            <p>Retrouvez toutes les r\u00e9ponses \u00e0 vos questions<\/p>\n        \n    <\/div>\n\n<div class=\"gutenberg-faq\">\n\n<div class=\"content\">\n                            <div class=\"item\">\n            <div class=\"question\">Quel est le meilleur vin de la collection Mouton Cadet ? <span class=\"arrow-round reverse\"><\/span> <\/div>\n            <div class=\"reponse\"><p>Mouton Cadet propose plusieurs collections de vins rouges, blancs et ros\u00e9s issus du terroir bordelais. Chaque go\u00fbt \u00e9tant personnel, nous vous proposons de d\u00e9terminer le Mouton Cadet qui vous correspond le mieux via <a href=\"https:\/\/www.moutoncadet.com\/fr\/collections-mouton-cadet\/\">l&rsquo;outil de recherche .<\/a><\/p>\n<p>&nbsp;<\/p>\n<\/div>\n        <\/div>\n                            <div class=\"item\">\n            <div class=\"question\">Combien de temps puis-je garder mes vins Mouton Cadet ? <span class=\"arrow-round reverse\"><\/span> <\/div>\n            <div class=\"reponse\"><p>Pour conserver les vins Mouton Cadet, nous vous recommandons de stocker les bouteilles couch\u00e9es horizontalement, \u00e0 l&rsquo;abri de la lumi\u00e8re, en maintenant une temp\u00e9rature constante en 10\u00b0C et 15\u00b0C et une humidit\u00e9 relative entre 70 et 80%. Dans ces conditions, les vins rouges peuvent \u00eatre conserv\u00e9s :<br \/>\n&#8211; 3 ans pour les vins rouges bio<br \/>\n&#8211; 5 \u00e0 7 ans pour les vins rouges non bois\u00e9s<br \/>\n&#8211; 7 \u00e0 10 ans pour les vins rouges bois\u00e9s<br \/>\nNous vous recommandons de consommer les blancs et ros\u00e9s dans l&rsquo;ann\u00e9e d&rsquo;achat pour profiter de toute la fra\u00eecheur de ces vins.<\/p>\n<\/div>\n        <\/div>\n                            <div class=\"item\">\n            <div class=\"question\">Avec quel plat puis-je accorder Mouton Cadet ? <span class=\"arrow-round reverse\"><\/span> <\/div>\n            <div class=\"reponse\"><p>Rendez-vous dans la rubrique<a href=\"https:\/\/www.moutoncadet.com\/fr\/accords-mets-vin\/\"> accords mets-vins<\/a> pour trouver votre accord parfait.<\/p>\n<\/div>\n        <\/div>\n                            <div class=\"item\">\n            <div class=\"question\">A quelle temp\u00e9rature servir les vins Mouton Cadet ? <span class=\"arrow-round reverse\"><\/span> <\/div>\n            <div class=\"reponse\"><p>La temp\u00e9rature de service id\u00e9ale se situe entre 15 et 17\u00b0C pour les vins rouges et entre 8 et 11\u00b0C pour les blancs et les ros\u00e9s. Nous recommandons de servir certains vins rouges de notre collection un peu plus frais. Retrouvez toutes les recommandations sur les pages de nos vins.<\/p>\n<\/div>\n        <\/div>\n                            <div class=\"item\">\n            <div class=\"question\">O\u00f9 acheter Mouton Cadet ? <span class=\"arrow-round reverse\"><\/span> <\/div>\n            <div class=\"reponse\"><p>Les vins Mouton Cadet se retrouvent en grande distribution, chez votre caviste, dans une s\u00e9lection de caf\u00e9s, h\u00f4tels et restaurants et en ligne.<\/p>\n<\/div>\n        <\/div>\n                            <div class=\"item\">\n            <div class=\"question\">Vous souhaitez en savoir plus sur les engagements de Mouton Cadet. <span class=\"arrow-round reverse\"><\/span> <\/div>\n            <div class=\"reponse\"><p>Rendez-vous dans la rubrique <a href=\"https:\/\/www.moutoncadet.com\/fr\/nos-engagements\/\">Nos engagements<\/a> pour en savoir plus.<\/p>\n<\/div>\n        <\/div>\n                            <div class=\"item\">\n            <div class=\"question\">Pourquoi le nom Mouton Cadet ? <span class=\"arrow-round reverse\"><\/span> <\/div>\n            <div class=\"reponse\"><p>\u00ab Mouton \u00bb fait r\u00e9f\u00e9rence \u00e0 la propri\u00e9t\u00e9 familiale \u00e0 Pauillac, \u00ab Cadet \u00bb au rang de naissance du Baron Philippe parmi sa fratrie.<\/p>\n<\/div>\n        <\/div>\n                            <div class=\"item\">\n            <div class=\"question\">Quel est le terroir de Mouton Cadet ? <span class=\"arrow-round reverse\"><\/span> <\/div>\n            <div class=\"reponse\"><p>Mouton Cadet est le fruit de l&rsquo;assemblage de la diversit\u00e9 des terroirs bordelais.<\/p>\n<\/div>\n        <\/div>\n                            <div class=\"item\">\n            <div class=\"question\">Quels sont les c\u00e9pages des vins Mouton Cadet ? <span class=\"arrow-round reverse\"><\/span> <\/div>\n            <div class=\"reponse\"><p>Pour les vins rouges, les principaux c\u00e9pages sont le Merlot, le Cabernet Sauvignon, et le Cabernet Franc. Chaque c\u00e9page va apporter des caract\u00e9ristiques diff\u00e9rentes aux vins :<br \/>\n\u2022 Merlot : volume<br \/>\n\u2022 Cabernet Sauvignon : \u00e9l\u00e9gance<br \/>\n\u2022 Cabernet Franc : trame tannique<br \/>\nPour les vins blancs, le Sauvignon blanc et le S\u00e9millon sont les plus repr\u00e9sent\u00e9s. Le Sauvignon apporte de la fraicheur, le S\u00e9millon, de la rondeur.<\/p>\n<\/div>\n        <\/div>\n                            <div class=\"item\">\n            <div class=\"question\">Qui font les vins chez Mouton Cadet ? <span class=\"arrow-round reverse\"><\/span> <\/div>\n            <div class=\"reponse\"><p>Les vins Mouton Cadet sont le fruit d&rsquo;une \u00e9troite collaboration avec une communaut\u00e9 de 200 vignerons, qui repr\u00e9sentent plus de 1500 hectares de vignes. Ils sont accompagn\u00e9s au quotidien par une \u00e9quipe de 7 \u0153nologues de la taille de la vigne, \u00e0 la vinification. Pour en savoir plus, rendez-vous dans la rubrique <a href=\"https:\/\/www.moutoncadet.com\/fr\/nos-vignerons\/\">Nos vignerons<\/a>.<\/p>\n<\/div>\n        <\/div>\n                            <div class=\"item\">\n            <div class=\"question\">Je souhaite distribuer les vins Mouton Cadet dans un autre pays. Qui dois-je contacter ? <span class=\"arrow-round reverse\"><\/span> <\/div>\n            <div class=\"reponse\"><p>Nous vous invitons \u00e0 nous formuler votre demande via notre formulaire de contact dans la rubrique \u00ab\u00a0<a href=\"https:\/\/www.moutoncadet.com\/fr\/contact\/\">Contact<\/a>\u00ab\u00a0&gt;\u00a0\u00bbDemande commerciale\u00a0\u00bb. Nous nous engageons \u00e0 r\u00e9pondre dans les meilleurs d\u00e9lais.<\/p>\n<\/div>\n        <\/div>\n                            <div class=\"item\">\n            <div class=\"question\">Comment puis-je postuler pour rejoindre l&rsquo;\u00e9quipe Mouton Cadet ? <span class=\"arrow-round reverse\"><\/span> <\/div>\n            <div class=\"reponse\"><p>Nous vous invitons \u00e0 vous rendre sur le site : <a href=\"https:\/\/talent.bpdr.com\/\">https:\/\/talent.bpdr.com\/<\/a>. Vous y trouverez l&rsquo;ensemble de nos offres et la possibilit\u00e9 de candidater spontan\u00e9ment.<\/p>\n<\/div>\n        <\/div>\n        <\/div>\n<\/div>\n\n<script>\n    document.addEventListener(\"DOMContentLoaded\", function() {\n        \/\/ S\u00e9lectionnez tous les \u00e9l\u00e9ments de la classe \"question\"\n        var questions = document.querySelectorAll(\".question\");\n\n        \/\/ Parcourez chaque question et ajoutez un gestionnaire d'\u00e9v\u00e9nements\n        questions.forEach(function(question) {\n            question.addEventListener(\"click\", function() {\n                \/\/ S\u00e9lectionnez la r\u00e9ponse associ\u00e9e \u00e0 la question cliqu\u00e9e\n                var answer = question.nextElementSibling;\n\n                \/\/ Basculez la classe \"active\" pour appliquer l'effet d'apparition\/disparition\n                answer.classList.toggle(\"active\");\n                this.classList.toggle(\"active\");\n            });\n        });\n    });\n<\/script>","protected":false},"excerpt":{"rendered":"","protected":false},"author":1,"featured_media":0,"parent":0,"menu_order":0,"comment_status":"closed","ping_status":"closed","template":"","meta":{"footnotes":""},"acf":[],"yoast_head":"<!-- This site is optimized with the Yoast SEO plugin v21.8.1 - https:\/\/yoast.com\/wordpress\/plugins\/seo\/ -->\n<title>Mouton Cadet<\/title>\n<meta name=\"robots\" content=\"index, follow, max-snippet:-1, max-image-preview:large, max-video-preview:-1\" \/>\n<link rel=\"canonical\" href=\"https:\/\/www.moutoncadet.com\/fr\/faq\/\" \/>\n<meta property=\"og:locale\" content=\"fr_FR\" \/>\n<meta property=\"og:type\" content=\"article\" \/>\n<meta property=\"og:title\" content=\"FAQ - Mouton Cadet\" \/>\n<meta property=\"og:description\" content=\"Mouton Cadet r\u00e9pond \u00e0 vos questions g\u00e9n\u00e9rales dans sa rubrique foire aux questions. Pour toutes demandes suppl\u00e9mentaires, contactez-nous via le formulaire.\" \/>\n<meta property=\"og:url\" content=\"https:\/\/www.moutoncadet.com\/fr\/faq\/\" \/>\n<meta property=\"og:site_name\" content=\"Mouton Cadet\" \/>\n<meta property=\"article:publisher\" content=\"https:\/\/www.facebook.com\/MoutonCadet\" \/>\n<meta property=\"article:modified_time\" content=\"2024-04-19T12:17:47+00:00\" \/>\n<meta name=\"twitter:card\" content=\"summary_large_image\" \/>\n<!-- \/ Yoast SEO plugin. -->","yoast_head_json":{"title":"Mouton Cadet","robots":{"index":"index","follow":"follow","max-snippet":"max-snippet:-1","max-image-preview":"max-image-preview:large","max-video-preview":"max-video-preview:-1"},"canonical":"https:\/\/www.moutoncadet.com\/fr\/faq\/","og_locale":"fr_FR","og_type":"article","og_title":"FAQ - Mouton Cadet","og_description":"Mouton Cadet r\u00e9pond \u00e0 vos questions g\u00e9n\u00e9rales dans sa rubrique foire aux questions. Pour toutes demandes suppl\u00e9mentaires, contactez-nous via le formulaire.","og_url":"https:\/\/www.moutoncadet.com\/fr\/faq\/","og_site_name":"Mouton Cadet","article_publisher":"https:\/\/www.facebook.com\/MoutonCadet","article_modified_time":"2024-04-19T12:17:47+00:00","twitter_card":"summary_large_image","schema":{"@context":"https:\/\/schema.org","@graph":[{"@type":"WebPage","@id":"https:\/\/www.moutoncadet.com\/fr\/faq\/","url":"https:\/\/www.moutoncadet.com\/fr\/faq\/","name":"FAQ - Mouton Cadet","isPartOf":{"@id":"https:\/\/www.moutoncadet.com\/fr\/#website"},"datePublished":"2023-11-06T08:41:26+00:00","dateModified":"2024-04-19T12:17:47+00:00","description":"Mouton Cadet r\u00e9pond \u00e0 vos questions g\u00e9n\u00e9rales dans sa rubrique foire aux questions. Pour toutes demandes suppl\u00e9mentaires, contactez-nous via le formulaire.","breadcrumb":{"@id":"https:\/\/www.moutoncadet.com\/fr\/faq\/#breadcrumb"},"inLanguage":"fr-FR","potentialAction":[{"@type":"ReadAction","target":["https:\/\/www.moutoncadet.com\/fr\/faq\/"]}]},{"@type":"BreadcrumbList","@id":"https:\/\/www.moutoncadet.com\/fr\/faq\/#breadcrumb","itemListElement":[{"@type":"ListItem","position":1,"name":"Home","item":"https:\/\/www.moutoncadet.com\/fr\/"},{"@type":"ListItem","position":2,"name":"FAQ"}]},{"@type":"WebSite","@id":"https:\/\/www.moutoncadet.com\/fr\/#website","url":"https:\/\/www.moutoncadet.com\/fr\/","name":"Mouton Cadet","description":"","publisher":{"@id":"https:\/\/www.moutoncadet.com\/fr\/#organization"},"potentialAction":[{"@type":"SearchAction","target":{"@type":"EntryPoint","urlTemplate":"https:\/\/www.moutoncadet.com\/fr\/?s={search_term_string}"},"query-input":"required name=search_term_string"}],"inLanguage":"fr-FR"},{"@type":"Organization","@id":"https:\/\/www.moutoncadet.com\/fr\/#organization","name":"Mouton Cadet","url":"https:\/\/www.moutoncadet.com\/fr\/","logo":{"@type":"ImageObject","inLanguage":"fr-FR","@id":"https:\/\/www.moutoncadet.com\/fr\/#\/schema\/logo\/image\/","url":"https:\/\/www.moutoncadet.com\/wp-content\/uploads\/2024\/01\/logo-mouton-cadet.svg","contentUrl":"https:\/\/www.moutoncadet.com\/wp-content\/uploads\/2024\/01\/logo-mouton-cadet.svg","width":1,"height":1,"caption":"Mouton Cadet"},"image":{"@id":"https:\/\/www.moutoncadet.com\/fr\/#\/schema\/logo\/image\/"},"sameAs":["https:\/\/www.facebook.com\/MoutonCadet","https:\/\/www.instagram.com\/moutoncadet_official"]}]}},"_links":{"self":[{"href":"https:\/\/www.moutoncadet.com\/fr\/wp-json\/wp\/v2\/pages\/167"}],"collection":[{"href":"https:\/\/www.moutoncadet.com\/fr\/wp-json\/wp\/v2\/pages"}],"about":[{"href":"https:\/\/www.moutoncadet.com\/fr\/wp-json\/wp\/v2\/types\/page"}],"author":[{"embeddable":true,"href":"https:\/\/www.moutoncadet.com\/fr\/wp-json\/wp\/v2\/users\/1"}],"replies":[{"embeddable":true,"href":"https:\/\/www.moutoncadet.com\/fr\/wp-json\/wp\/v2\/comments?post=167"}],"version-history":[{"count":29,"href":"https:\/\/www.moutoncadet.com\/fr\/wp-json\/wp\/v2\/pages\/167\/revisions"}],"predecessor-version":[{"id":4394,"href":"https:\/\/www.moutoncadet.com\/fr\/wp-json\/wp\/v2\/pages\/167\/revisions\/4394"}],"wp:attachment":[{"href":"https:\/\/www.moutoncadet.com\/fr\/wp-json\/wp\/v2\/media?parent=167"}],"curies":[{"name":"wp","href":"https:\/\/api.w.org\/{rel}","templated":true}]}}